{"id":168,"date":"2021-08-20T16:03:34","date_gmt":"2021-08-20T19:03:34","guid":{"rendered":"https:\/\/chmchilemedical.cl\/sitio\/?page_id=168"},"modified":"2021-09-24T11:01:25","modified_gmt":"2021-09-24T14:01:25","slug":"nuestra-empresa","status":"publish","type":"page","link":"https:\/\/chmchilemedical.cl\/sitio\/nuestra-empresa\/","title":{"rendered":"Nuestra empresa"},"content":{"rendered":"\t\t<div data-elementor-type=\"wp-page\" data-elementor-id=\"168\" class=\"elementor elementor-168\" data-elementor-settings=\"[]\">\n\t\t\t\t\t\t\t<div class=\"elementor-section-wrap\">\n\t\t\t\t\t\t\t<section class=\"elementor-section elementor-top-section elementor-element elementor-element-e10113d elementor-section-full_width elementor-section-height-min-height elementor-section-stretched elementor-section-height-default elementor-section-items-middle\" data-id=\"e10113d\" data-element_type=\"section\" data-settings=\"{&quot;stretch_section&quot;:&quot;section-stretched&quot;,&quot;background_background&quot;:&quot;classic&quot;}\">\n\t\t\t\t\t\t\t<div class=\"elementor-background-overlay\"><\/div>\n\t\t\t\t\t\t\t<div class=\"elementor-container elementor-column-gap-default\">\n\t\t\t\t\t<div class=\"elementor-column elementor-col-100 elementor-top-column elementor-element elementor-element-39c88f6\" data-id=\"39c88f6\" data-element_type=\"column\">\n\t\t\t<div class=\"elementor-widget-wrap elementor-element-populated\">\n\t\t\t\t\t\t\t\t<div class=\"elementor-element elementor-element-781f1bb elementor-widget elementor-widget-heading\" data-id=\"781f1bb\" data-element_type=\"widget\" data-widget_type=\"heading.default\">\n\t\t\t\t<div class=\"elementor-widget-container\">\n\t\t\t<h2 class=\"elementor-heading-title elementor-size-default\">Nuestra <b>Empresa<\/b><\/h2>\t\t<\/div>\n\t\t\t\t<\/div>\n\t\t\t\t\t<\/div>\n\t\t<\/div>\n\t\t\t\t\t\t\t<\/div>\n\t\t<\/section>\n\t\t\t\t<section class=\"elementor-section elementor-top-section elementor-element elementor-element-60306e1 elementor-section-boxed elementor-section-height-default elementor-section-height-default\" data-id=\"60306e1\" data-element_type=\"section\">\n\t\t\t\t\t\t<div class=\"elementor-container elementor-column-gap-default\">\n\t\t\t\t\t<div class=\"elementor-column elementor-col-100 elementor-top-column elementor-element elementor-element-0f5247a\" data-id=\"0f5247a\" data-element_type=\"column\">\n\t\t\t<div class=\"elementor-widget-wrap elementor-element-populated\">\n\t\t\t\t\t\t\t\t<section class=\"elementor-section elementor-inner-section elementor-element elementor-element-82480ab elementor-section-boxed elementor-section-height-default elementor-section-height-default\" data-id=\"82480ab\" data-element_type=\"section\">\n\t\t\t\t\t\t<div class=\"elementor-container elementor-column-gap-default\">\n\t\t\t\t\t<div class=\"elementor-column elementor-col-50 elementor-inner-column elementor-element elementor-element-9cd45a9\" data-id=\"9cd45a9\" data-element_type=\"column\">\n\t\t\t<div class=\"elementor-widget-wrap elementor-element-populated\">\n\t\t\t\t\t\t\t\t<div class=\"elementor-element elementor-element-979ef50 elementor-widget elementor-widget-heading\" data-id=\"979ef50\" data-element_type=\"widget\" data-widget_type=\"heading.default\">\n\t\t\t\t<div class=\"elementor-widget-container\">\n\t\t\t<h2 class=\"elementor-heading-title elementor-size-default\">Nuestra <b>Visi\u00f3n<\/b><\/h2>\t\t<\/div>\n\t\t\t\t<\/div>\n\t\t\t\t<div class=\"elementor-element elementor-element-8fb6623 elementor-widget elementor-widget-text-editor\" data-id=\"8fb6623\" data-element_type=\"widget\" data-widget_type=\"text-editor.default\">\n\t\t\t\t<div class=\"elementor-widget-container\">\n\t\t\t\t\t\t\tNuestra visi\u00f3n es entregar insumos m\u00e9dicos de \u00faltima generaci\u00f3n para tratamientos especializados al servicio de los profesionales de la salud.\nEntregando as\u00ed una atenci\u00f3n eficaz, de calidad y alto profesionalismo a nuestros clientes, con productos m\u00ednimamente invasivos, seguros y amigables con el medio ambiente, brindando soluciones a los pacientes y ayud\u00e1ndolos a mejorar su calidad de vida,\nEs nuestro compromiso como empresa. \t\t\t\t\t\t<\/div>\n\t\t\t\t<\/div>\n\t\t\t\t<div class=\"elementor-element elementor-element-aa9ed70 elementor-widget elementor-widget-heading\" data-id=\"aa9ed70\" data-element_type=\"widget\" data-widget_type=\"heading.default\">\n\t\t\t\t<div class=\"elementor-widget-container\">\n\t\t\t<h2 class=\"elementor-heading-title elementor-size-default\">Nuestro <b>Objetivo<\/b><\/h2>\t\t<\/div>\n\t\t\t\t<\/div>\n\t\t\t\t<div class=\"elementor-element elementor-element-d9a82cc elementor-widget elementor-widget-text-editor\" data-id=\"d9a82cc\" data-element_type=\"widget\" data-widget_type=\"text-editor.default\">\n\t\t\t\t<div class=\"elementor-widget-container\">\n\t\t\t\t\t\t\tNuestro objetivo final es constituirnos en un soporte \u00e1gil, confiable y necesario para nuestros clientes proyectando as\u00ed una relaci\u00f3n a largo plazo.\t\t\t\t\t\t<\/div>\n\t\t\t\t<\/div>\n\t\t\t\t\t<\/div>\n\t\t<\/div>\n\t\t\t\t<div class=\"elementor-column elementor-col-50 elementor-inner-column elementor-element elementor-element-877a532\" data-id=\"877a532\" data-element_type=\"column\">\n\t\t\t<div class=\"elementor-widget-wrap elementor-element-populated\">\n\t\t\t\t\t\t\t\t<div class=\"elementor-element elementor-element-9c4bfe7 elementor-widget elementor-widget-heading\" data-id=\"9c4bfe7\" data-element_type=\"widget\" data-widget_type=\"heading.default\">\n\t\t\t\t<div class=\"elementor-widget-container\">\n\t\t\t<h2 class=\"elementor-heading-title elementor-size-default\">Nuestra <b>\u00c9tica<\/b><\/h2>\t\t<\/div>\n\t\t\t\t<\/div>\n\t\t\t\t<div class=\"elementor-element elementor-element-76dfe51 elementor-widget elementor-widget-text-editor\" data-id=\"76dfe51\" data-element_type=\"widget\" data-widget_type=\"text-editor.default\">\n\t\t\t\t<div class=\"elementor-widget-container\">\n\t\t\t\t\t\t\tChmChile Medical se rige en forma irrestricta por los c\u00f3digos de \u00e9tica y comportamiento definidos por nuestras empresas representadas; Stryker NeuroVascular en adici\u00f3n a las pol\u00edticas gubernamentales chilenas.\n\t\t\t\t\t\t<\/div>\n\t\t\t\t<\/div>\n\t\t\t\t\t<\/div>\n\t\t<\/div>\n\t\t\t\t\t\t\t<\/div>\n\t\t<\/section>\n\t\t\t\t\t<\/div>\n\t\t<\/div>\n\t\t\t\t\t\t\t<\/div>\n\t\t<\/section>\n\t\t\t\t<section class=\"elementor-section elementor-top-section elementor-element elementor-element-41627fc elementor-section-full_width elementor-section-height-default elementor-section-height-default\" data-id=\"41627fc\" data-element_type=\"section\" data-settings=\"{&quot;background_background&quot;:&quot;classic&quot;}\">\n\t\t\t\t\t\t<div class=\"elementor-container elementor-column-gap-default\">\n\t\t\t\t\t<div class=\"elementor-column elementor-col-100 elementor-top-column elementor-element elementor-element-ad3e360\" data-id=\"ad3e360\" data-element_type=\"column\">\n\t\t\t<div class=\"elementor-widget-wrap elementor-element-populated\">\n\t\t\t\t\t\t\t\t<section class=\"elementor-section elementor-inner-section elementor-element elementor-element-86d0e1b elementor-section-boxed elementor-section-height-default elementor-section-height-default\" data-id=\"86d0e1b\" data-element_type=\"section\">\n\t\t\t\t\t\t<div class=\"elementor-container elementor-column-gap-default\">\n\t\t\t\t\t<div class=\"elementor-column elementor-col-50 elementor-inner-column elementor-element elementor-element-e35214c\" data-id=\"e35214c\" data-element_type=\"column\">\n\t\t\t<div class=\"elementor-widget-wrap elementor-element-populated\">\n\t\t\t\t\t\t\t\t<div class=\"elementor-element elementor-element-3dc68bd elementor-widget elementor-widget-heading\" data-id=\"3dc68bd\" data-element_type=\"widget\" data-widget_type=\"heading.default\">\n\t\t\t\t<div class=\"elementor-widget-container\">\n\t\t\t<h2 class=\"elementor-heading-title elementor-size-default\">Nuestros <b>Clientes<\/b><\/h2>\t\t<\/div>\n\t\t\t\t<\/div>\n\t\t\t\t<div class=\"elementor-element elementor-element-62e5f17 elementor-widget elementor-widget-text-editor\" data-id=\"62e5f17\" data-element_type=\"widget\" data-widget_type=\"text-editor.default\">\n\t\t\t\t<div class=\"elementor-widget-container\">\n\t\t\t\t\t\t\t<ul><li>Cl\u00ednica Alemana<\/li><li>Instituto de Neurocirug\u00eda Dr. Alfonso Asenjo<\/li><li>Clinica Santa Maria<\/li><li>Cl\u00ednica Indisa<\/li><li>Cl\u00ednica Tabancura<\/li><li>Hospital Dr. S\u00f3tero del R\u00edo<\/li><li>Cl\u00ednica las Condes<\/li><li>Cl\u00ednica D\u00e1vila<\/li><li>Hospital Dr. Hern\u00e1n Henrriquez Aravena (Temuco)<\/li><li>Hospital Guillermo Grand Benavente (Concepci\u00f3n)<\/li><li>Hospital Carlos Van Buren (Valpara\u00edso)<\/li><\/ul>\t\t\t\t\t\t<\/div>\n\t\t\t\t<\/div>\n\t\t\t\t\t<\/div>\n\t\t<\/div>\n\t\t\t\t<div class=\"elementor-column elementor-col-50 elementor-inner-column elementor-element elementor-element-02e2986\" data-id=\"02e2986\" data-element_type=\"column\">\n\t\t\t<div class=\"elementor-widget-wrap elementor-element-populated\">\n\t\t\t\t\t\t\t\t<div class=\"elementor-element elementor-element-8103690 elementor-widget elementor-widget-heading\" data-id=\"8103690\" data-element_type=\"widget\" data-widget_type=\"heading.default\">\n\t\t\t\t<div class=\"elementor-widget-container\">\n\t\t\t<h2 class=\"elementor-heading-title elementor-size-default\">Informaci\u00f3n <b>Comercial<\/b><\/h2>\t\t<\/div>\n\t\t\t\t<\/div>\n\t\t\t\t<div class=\"elementor-element elementor-element-b25388c elementor-widget elementor-widget-text-editor\" data-id=\"b25388c\" data-element_type=\"widget\" data-widget_type=\"text-editor.default\">\n\t\t\t\t<div class=\"elementor-widget-container\">\n\t\t\t\t\t\t\t<p><strong>\u00c1rea Comercial y Administrativa<\/strong><\/p><ul><li>Macarena Gajardo<br \/><a href=\"mailto:macarena.gajardo@chmchilemedical.cl\" target=\"_blank\" rel=\"noopener\"><strong><span style=\"color: #808080;\">macarena.gajardo@<wbr \/>chmchilemedical.cl<\/span><\/strong><\/a><\/li><\/ul><p><strong>\u00c1rea Ventas<\/strong><\/p><ul><li>Cecilia Hurtado<br \/><strong>mariaceciliahurtado@chmchilemedical.cl<\/strong><\/li><\/ul>\t\t\t\t\t\t<\/div>\n\t\t\t\t<\/div>\n\t\t\t\t\t<\/div>\n\t\t<\/div>\n\t\t\t\t\t\t\t<\/div>\n\t\t<\/section>\n\t\t\t\t\t<\/div>\n\t\t<\/div>\n\t\t\t\t\t\t\t<\/div>\n\t\t<\/section>\n\t\t\t\t\t\t<\/div>\n\t\t\t\t\t<\/div>\n\t\t","protected":false},"excerpt":{"rendered":"<p>Nuestra Empresa Nuestra Visi\u00f3n Nuestra visi\u00f3n es entregar insumos m\u00e9dicos de \u00faltima generaci\u00f3n para tratamientos especializados al servicio de los profesionales de la salud. Entregando as\u00ed una atenci\u00f3n eficaz, de calidad y alto profesionalismo a nuestros clientes, con productos m\u00ednimamente invasivos, seguros y amigables con el medio ambiente, brindando soluciones a los pacientes y ayud\u00e1ndolos [&hellip;]<\/p>\n","protected":false},"author":1,"featured_media":0,"parent":0,"menu_order":0,"comment_status":"closed","ping_status":"closed","template":"elementor_canvas","meta":{"footnotes":""},"class_list":["post-168","page","type-page","status-publish","hentry"],"_links":{"self":[{"href":"https:\/\/chmchilemedical.cl\/sitio\/wp-json\/wp\/v2\/pages\/168","targetHints":{"allow":["GET"]}}],"collection":[{"href":"https:\/\/chmchilemedical.cl\/sitio\/wp-json\/wp\/v2\/pages"}],"about":[{"href":"https:\/\/chmchilemedical.cl\/sitio\/wp-json\/wp\/v2\/types\/page"}],"author":[{"embeddable":true,"href":"https:\/\/chmchilemedical.cl\/sitio\/wp-json\/wp\/v2\/users\/1"}],"replies":[{"embeddable":true,"href":"https:\/\/chmchilemedical.cl\/sitio\/wp-json\/wp\/v2\/comments?post=168"}],"version-history":[{"count":35,"href":"https:\/\/chmchilemedical.cl\/sitio\/wp-json\/wp\/v2\/pages\/168\/revisions"}],"predecessor-version":[{"id":395,"href":"https:\/\/chmchilemedical.cl\/sitio\/wp-json\/wp\/v2\/pages\/168\/revisions\/395"}],"wp:attachment":[{"href":"https:\/\/chmchilemedical.cl\/sitio\/wp-json\/wp\/v2\/media?parent=168"}],"curies":[{"name":"wp","href":"https:\/\/api.w.org\/{rel}","templated":true}]}}